{"id":1348,"date":"2026-03-24T09:23:53","date_gmt":"2026-03-24T08:23:53","guid":{"rendered":"https:\/\/dg-group.si\/?page_id=1348"},"modified":"2026-04-09T10:07:50","modified_gmt":"2026-04-09T08:07:50","slug":"research-development-center","status":"publish","type":"page","link":"https:\/\/dg-group.si\/sr\/research-development-center\/","title":{"rendered":"\u0426\u0435\u043d\u0442\u0430\u0440 \u0437\u0430 \u0438\u0441\u0442\u0440\u0430\u0436\u0438\u0432\u0430\u045a\u0435 \u0438 \u0440\u0430\u0437\u0432\u043e\u0458"},"content":{"rendered":"<p><img fetchpriority=\"high\" decoding=\"async\" class=\"alignnone wp-image-1350 size-large\" src=\"https:\/\/dg-group.si\/wp-content\/uploads\/2026\/03\/Razvojni-center-DG-Group-1-1024x572.png\" alt=\"\" width=\"1024\" height=\"572\" srcset=\"https:\/\/dg-group.si\/wp-content\/uploads\/2026\/03\/Razvojni-center-DG-Group-1-1024x572.png 1024w, https:\/\/dg-group.si\/wp-content\/uploads\/2026\/03\/Razvojni-center-DG-Group-1-300x167.png 300w, https:\/\/dg-group.si\/wp-content\/uploads\/2026\/03\/Razvojni-center-DG-Group-1-768x429.png 768w, https:\/\/dg-group.si\/wp-content\/uploads\/2026\/03\/Razvojni-center-DG-Group-1-18x10.png 18w, https:\/\/dg-group.si\/wp-content\/uploads\/2026\/03\/Razvojni-center-DG-Group-1-1254x700.png 1254w, https:\/\/dg-group.si\/wp-content\/uploads\/2026\/03\/Razvojni-center-DG-Group-1-720x402.png 720w, https:\/\/dg-group.si\/wp-content\/uploads\/2026\/03\/Razvojni-center-DG-Group-1.png 1376w\" sizes=\"(max-width: 1024px) 100vw, 1024px\" \/><\/p>\n<p>\u041d\u0430\u0448\u0430 \u043a\u043e\u043c\u043f\u0430\u043d\u0438\u0458\u0430 \u0438\u043c\u0430 \u0446\u0435\u043d\u0442\u0430\u0440 \u0437\u0430 \u0438\u0441\u0442\u0440\u0430\u0436\u0438\u0432\u0430\u045a\u0435 \u0438 \u0440\u0430\u0437\u0432\u043e\u0458 (R&amp;D) \u0437\u0430 \u0440\u0430\u0437\u0432\u043e\u0458 \u0438\u043d\u043e\u0432\u0430\u0442\u0438\u0432\u043d\u0438\u0445 \u0440\u0435\u0448\u0435\u045a\u0430 \u0437\u0430\u0441\u043d\u043e\u0432\u0430\u043d\u0438\u0445 \u043d\u0430 \u043d\u0430\u0443\u0446\u0438 \u0438 \u0437\u043d\u0430\u045a\u0443 \u0438 \u0438\u0441\u043a\u0443\u0441\u0442\u0432\u0443 \u043d\u0430\u0448\u0435\u0433 \u0442\u0438\u043c\u0430 \u0437\u0430 \u0438\u0441\u0442\u0440\u0430\u0436\u0438\u0432\u0430\u045a\u0435 \u0438 \u0440\u0430\u0437\u0432\u043e\u0458.<\/p>\n<p>\u0423\u0441\u043f\u0435\u0448\u043d\u043e \u0441\u043c\u043e \u0440\u0435\u0430\u043b\u0438\u0437\u043e\u0432\u0430\u043b\u0438 \u043d\u0435\u043a\u043e\u043b\u0438\u043a\u043e \u043f\u0440\u043e\u0458\u0435\u043a\u0430\u0442\u0430 \u0438 \u0443\u0432\u0435\u043a \u0441\u043c\u043e \u0441\u043f\u0440\u0435\u043c\u043d\u0438 \u0437\u0430 \u043d\u043e\u0432\u0435 \u0438\u0437\u0430\u0437\u043e\u0432\u0435. \u041d\u0430\u0448 \u0442\u0438\u043c \u0447\u0438\u043d\u0435 \u0418\u0422 \u0441\u0442\u0440\u0443\u0447\u045a\u0430\u0446\u0438 - \u0438\u0441\u0442\u0440\u0430\u0436\u0438\u0432\u0430\u0447\u0438 \u0438 \u0441\u0442\u0440\u0443\u0447\u045a\u0430\u0446\u0438 \u0437\u0430 \u0431\u0438\u043e\u0442\u0435\u0445\u043d\u043e\u043b\u043e\u0433\u0438\u0458\u0443.<\/p>\n<p>\u0420\u0443\u043a\u043e\u0432\u043e\u0434\u0438\u043b\u0430\u0446 \u0438\u0441\u0442\u0440\u0430\u0436\u0438\u0432\u0430\u0447\u043a\u043e-\u0440\u0430\u0437\u0432\u043e\u0458\u043d\u043e\u0433 \u0446\u0435\u043d\u0442\u0440\u0430 \u0458\u0435 \u043f\u0440\u043e\u0444. \u0434\u0440 \u041a\u043e\u043c\u043b\u0435\u043d \u041b\u0430\u043b\u043e\u0432\u0438\u045b, \u0410\u0420\u0418\u0421 - \u0441\u0430\u0432\u0435\u0442\u043d\u0438\u043a \u0437\u0430 \u0440\u0430\u0437\u0432\u043e\u0458, \u0434\u043e\u043a\u0442\u043e\u0440 \u043d\u0430\u0443\u043a\u0430 \u0438\u0437 \u043e\u0431\u043b\u0430\u0441\u0442\u0438 \u0438\u043d\u0444\u043e\u0440\u043c\u0430\u0446\u0438\u043e\u043d\u0438\u0445 \u0442\u0435\u0445\u043d\u043e\u043b\u043e\u0433\u0438\u0458\u0430 \u0438 \u0431\u0438\u043e\u043c\u0435\u0442\u0440\u0438\u0458\u0435 - \u0431\u0435\u0437\u0431\u0435\u0434\u043d\u043e\u0441\u043d\u0438\u0445 \u0441\u0438\u0441\u0442\u0435\u043c\u0430.<\/p>\n<p>\u0427\u043b\u0430\u043d\u043e\u0432\u0438 \u0442\u0438\u043c\u0430 \u0441\u0443: \u043c\u0430\u0433\u0438\u0441\u0442\u0430\u0440 \u0412\u0438\u0434 \u0411\u0443\u0447\u0430\u0440 \u0438 \u0442\u0435\u0445\u043d\u0438\u0447\u0430\u0440 \u041c\u0438\u0445\u0430 \u0425\u0430\u0440\u0438\u043d\u0433.<\/p>\n<p><a href=\"https:\/\/cris.cobiss.net\/ecris\/si\/sl\/researcher\/70244\">https:\/\/cris.cobiss.net\/ecris\/si\/sl\/researcher\/70244<\/a><\/p>\n<p><a href=\"https:\/\/cris.cobiss.net\/ecris\/si\/sl\/group\/8934\">https:\/\/cris.cobiss.net\/ecris\/si\/sl\/group\/8934<\/a><\/p>","protected":false},"excerpt":{"rendered":"<p>V na\u0161em podjetju imamo R&amp;R (raziskovalno-razvojni) center za razvoj inovativnih re\u0161itev, ki temeljijo na znanosti ter znanju in izku\u0161njah na\u0161e R&amp;R ekipe. Uspe\u0161no smo izvedli \u017ee ve\u010d projektov in smo vedno pripravljeni na nove izzive. Na\u0161o ekipo sestavljajo IT strokovnjaki \u2013 raziskovalci ter strokovnjaki s podro\u010dja biotehnologije. Vodja R&amp;R centra je prof. dr. Komlen Lalovi\u0107, [&hellip;]<\/p>","protected":false},"author":1,"featured_media":1350,"parent":0,"menu_order":0,"comment_status":"closed","ping_status":"closed","template":"","meta":{"footnotes":""},"class_list":["post-1348","page","type-page","status-publish","has-post-thumbnail","hentry"],"_links":{"self":[{"href":"https:\/\/dg-group.si\/sr\/wp-json\/wp\/v2\/pages\/1348","targetHints":{"allow":["GET"]}}],"collection":[{"href":"https:\/\/dg-group.si\/sr\/wp-json\/wp\/v2\/pages"}],"about":[{"href":"https:\/\/dg-group.si\/sr\/wp-json\/wp\/v2\/types\/page"}],"author":[{"embeddable":true,"href":"https:\/\/dg-group.si\/sr\/wp-json\/wp\/v2\/users\/1"}],"replies":[{"embeddable":true,"href":"https:\/\/dg-group.si\/sr\/wp-json\/wp\/v2\/comments?post=1348"}],"version-history":[{"count":6,"href":"https:\/\/dg-group.si\/sr\/wp-json\/wp\/v2\/pages\/1348\/revisions"}],"predecessor-version":[{"id":1357,"href":"https:\/\/dg-group.si\/sr\/wp-json\/wp\/v2\/pages\/1348\/revisions\/1357"}],"wp:featuredmedia":[{"embeddable":true,"href":"https:\/\/dg-group.si\/sr\/wp-json\/wp\/v2\/media\/1350"}],"wp:attachment":[{"href":"https:\/\/dg-group.si\/sr\/wp-json\/wp\/v2\/media?parent=1348"}],"curies":[{"name":"wp","href":"https:\/\/api.w.org\/{rel}","templated":true}]}}