{"id":944,"date":"2022-08-11T12:49:45","date_gmt":"2022-08-11T12:49:45","guid":{"rendered":"https:\/\/dggroup.zo.si\/?page_id=944"},"modified":"2024-06-03T10:00:14","modified_gmt":"2024-06-03T08:00:14","slug":"zaposlitev","status":"publish","type":"page","link":"https:\/\/dg-group.si\/hr\/zaposlitev\/","title":{"rendered":"Zapo\u0161ljavanje"},"content":{"rendered":"<div data-elementor-type=\"wp-page\" data-elementor-id=\"944\" class=\"elementor elementor-944\">\n\t\t\t\t\t\t<section class=\"elementor-section elementor-top-section elementor-element elementor-element-724ce8cf elementor-section-full_width elementor-section-height-default elementor-section-height-default\" data-id=\"724ce8cf\" data-element_type=\"section\">\n\t\t\t\t\t\t<div class=\"elementor-container elementor-column-gap-default\">\n\t\t\t\t\t<div class=\"elementor-column elementor-col-100 elementor-top-column elementor-element elementor-element-67f1d8e6\" data-id=\"67f1d8e6\" data-element_type=\"column\">\n\t\t\t<div class=\"elementor-widget-wrap elementor-element-populated\">\n\t\t\t\t\t\t<div class=\"elementor-element elementor-element-9df8738 elementor-widget elementor-widget-text-editor\" data-id=\"9df8738\" data-element_type=\"widget\" data-widget_type=\"text-editor.default\">\n\t\t\t\t<div class=\"elementor-widget-container\">\n\t\t\t<style>\/*! elementor - v3.21.0 - 08-05-2024 *\/\n.elementor-widget-text-editor.elementor-drop-cap-view-stacked .elementor-drop-cap{background-color:#69727d;color:#fff}.elementor-widget-text-editor.elementor-drop-cap-view-framed .elementor-drop-cap{color:#69727d;border:3px solid;background-color:transparent}.elementor-widget-text-editor:not(.elementor-drop-cap-view-default) .elementor-drop-cap{margin-top:8px}.elementor-widget-text-editor:not(.elementor-drop-cap-view-default) .elementor-drop-cap-letter{width:1em;height:1em}.elementor-widget-text-editor .elementor-drop-cap{float:left;text-align:center;line-height:1;font-size:50px}.elementor-widget-text-editor .elementor-drop-cap-letter{display:inline-block}<\/style>\t\t\t\t<p><!-- wp:paragraph --><\/p>\n<p>U DG Group doo, zbog otvaranja novih projekata i pove\u0107anog obima posla, stalno smo u potrazi za dobrim kadrovima. Ako \u017eelite raditi u odli\u010dnom timu, ne predstavlja vam problem putovati diljem EU i ne bojite se izazova, kontaktirajte nas putem obrasca ispod.<\/p>\n<p><!-- \/wp:paragraph --><\/p>\n<p><!-- wp:paragraph --><\/p>\n<p>Rado \u0107emo vas dodati na na\u0161u listu potencijalnih kandidata!<\/p>\n<p><!-- \/wp:paragraph --><\/p>\t\t\t\t\t\t<\/div>\n\t\t\t\t<\/div>\n\t\t\t\t\t<\/div>\n\t\t<\/div>\n\t\t\t\t\t<\/div>\n\t\t<\/section>\n\t\t\t\t<section class=\"elementor-section elementor-top-section elementor-element elementor-element-9c0ca22 elementor-section-full_width elementor-section-height-default elementor-section-height-default\" data-id=\"9c0ca22\" data-element_type=\"section\">\n\t\t\t\t\t\t<div class=\"elementor-container elementor-column-gap-default\">\n\t\t\t\t\t<div class=\"elementor-column elementor-col-50 elementor-top-column elementor-element elementor-element-951f69c\" data-id=\"951f69c\" data-element_type=\"column\" data-settings=\"{&quot;background_background&quot;:&quot;classic&quot;}\">\n\t\t\t<div class=\"elementor-widget-wrap elementor-element-populated\">\n\t\t\t\t\t\t<div class=\"elementor-element elementor-element-15bcb6a elementor-invisible elementor-widget elementor-widget-text-editor\" data-id=\"15bcb6a\" data-element_type=\"widget\" data-settings=\"{&quot;_animation&quot;:&quot;fadeInLeft&quot;,&quot;_animation_delay&quot;:200}\" data-widget_type=\"text-editor.default\">\n\t\t\t\t<div class=\"elementor-widget-container\">\n\t\t\t\t\t\t\t<p>\n<div class=\"wpcf7 no-js\" id=\"wpcf7-f1107-o1\" lang=\"sl-SI\" dir=\"ltr\">\n<div class=\"screen-reader-response\"><p role=\"status\" aria-live=\"polite\" aria-atomic=\"true\"><\/p> <ul><\/ul><\/div>\n<form action=\"\/hr\/wp-json\/wp\/v2\/pages\/944#wpcf7-f1107-o1\" method=\"post\" class=\"wpcf7-form init\" aria-label=\"Contact form\" novalidate=\"novalidate\" data-status=\"init\" data-trp-original-action=\"\/hr\/wp-json\/wp\/v2\/pages\/944#wpcf7-f1107-o1\">\n<div style=\"display: none;\">\n<input type=\"hidden\" name=\"_wpcf7\" value=\"1107\" \/>\n<input type=\"hidden\" name=\"_wpcf7_version\" value=\"5.9.4\" \/>\n<input type=\"hidden\" name=\"_wpcf7_locale\" value=\"sl_SI\" \/>\n<input type=\"hidden\" name=\"_wpcf7_unit_tag\" value=\"wpcf7-f1107-o1\" \/>\n<input type=\"hidden\" name=\"_wpcf7_container_post\" value=\"0\" \/>\n<input type=\"hidden\" name=\"_wpcf7_posted_data_hash\" value=\"\" \/>\n<\/div>\n<p><label> Va\u0161e ime i prezime<br \/>\n<span class=\"wpcf7-form-control-wrap\" data-name=\"your-name\"><input size=\"40\" class=\"wpcf7-form-control wpcf7-text wpcf7-validates-as-required\" aria-required=\"true\" aria-invalid=\"false\" value=\"\" type=\"text\" name=\"your-name\" \/><\/span> <\/label>\n<\/p>\n<p><label> Telefon<br \/>\n<span class=\"wpcf7-form-control-wrap\" data-name=\"tel-156\"><input size=\"40\" class=\"wpcf7-form-control wpcf7-tel wpcf7-text wpcf7-validates-as-tel\" aria-invalid=\"false\" value=\"\" type=\"tel\" name=\"tel-156\" \/><\/span> <\/label>\n<\/p>\n<p><label> Tvoj email<br \/>\n<span class=\"wpcf7-form-control-wrap\" data-name=\"your-email\"><input size=\"40\" class=\"wpcf7-form-control wpcf7-email wpcf7-validates-as-required wpcf7-text wpcf7-validates-as-email\" aria-required=\"true\" aria-invalid=\"false\" value=\"\" type=\"email\" name=\"your-email\" \/><\/span> <\/label>\n<\/p>\n<p><label> Obrazovanje<br \/>\n<span class=\"wpcf7-form-control-wrap\" data-name=\"your-subject\"><input size=\"40\" class=\"wpcf7-form-control wpcf7-text wpcf7-validates-as-required\" aria-required=\"true\" aria-invalid=\"false\" value=\"\" type=\"text\" name=\"your-subject\" \/><\/span> <\/label>\n<\/p>\n<p><label> Radno iskustvo i kratka prezentacija<br \/>\n<span class=\"wpcf7-form-control-wrap\" data-name=\"your-message\"><textarea cols=\"40\" rows=\"10\" class=\"wpcf7-form-control wpcf7-textarea\" aria-invalid=\"false\" name=\"your-message\"><\/textarea><\/span> <\/label>\n<\/p>\n<p><input class=\"wpcf7-form-control wpcf7-submit has-spinner\" type=\"submit\" value=\"Po\u0161aljite prijavu\" \/>\n<\/p><div class=\"wpcf7-response-output\" aria-hidden=\"true\"><\/div>\n<input type=\"hidden\" name=\"trp-form-language\" value=\"hr\"\/><\/form>\n<\/div>\n<\/p>\t\t\t\t\t\t<\/div>\n\t\t\t\t<\/div>\n\t\t\t\t\t<\/div>\n\t\t<\/div>\n\t\t\t\t<div class=\"elementor-column elementor-col-50 elementor-top-column elementor-element elementor-element-42e86c5\" data-id=\"42e86c5\" data-element_type=\"column\" data-settings=\"{&quot;background_background&quot;:&quot;classic&quot;}\">\n\t\t\t<div class=\"elementor-widget-wrap elementor-element-populated\">\n\t\t\t\t\t\t<div class=\"elementor-element elementor-element-f07fb25 elementor-invisible elementor-widget elementor-widget-heading\" data-id=\"f07fb25\" data-element_type=\"widget\" data-settings=\"{&quot;_animation&quot;:&quot;fadeInRight&quot;}\" data-widget_type=\"heading.default\">\n\t\t\t\t<div class=\"elementor-widget-container\">\n\t\t\t<style>\/*! elementor - v3.21.0 - 08-05-2024 *\/\n.elementor-heading-title{padding:0;margin:0;line-height:1}.elementor-widget-heading .elementor-heading-title[class*=elementor-size-]>a{color:inherit;font-size:inherit;line-height:inherit}.elementor-widget-heading .elementor-heading-title.elementor-size-small{font-size:15px}.elementor-widget-heading .elementor-heading-title.elementor-size-medium{font-size:19px}.elementor-widget-heading .elementor-heading-title.elementor-size-large{font-size:29px}.elementor-widget-heading .elementor-heading-title.elementor-size-xl{font-size:39px}.elementor-widget-heading .elementor-heading-title.elementor-size-xxl{font-size:59px}<\/style><h2 class=\"elementor-heading-title elementor-size-default\">Trenutni poslovi<\/h2>\t\t<\/div>\n\t\t\t\t<\/div>\n\t\t\t\t<div class=\"elementor-element elementor-element-4357e5f elementor-invisible elementor-widget elementor-widget-text-editor\" data-id=\"4357e5f\" data-element_type=\"widget\" data-settings=\"{&quot;_animation&quot;:&quot;fadeInRight&quot;}\" data-widget_type=\"text-editor.default\">\n\t\t\t\t<div class=\"elementor-widget-container\">\n\t\t\t\t\t\t\t<p>U pripremi...<\/p>\t\t\t\t\t\t<\/div>\n\t\t\t\t<\/div>\n\t\t\t\t<div class=\"elementor-element elementor-element-e554841 elementor-invisible elementor-widget elementor-widget-frel-accordion\" data-id=\"e554841\" data-element_type=\"widget\" data-settings=\"{&quot;_animation&quot;:&quot;fadeInRight&quot;,&quot;_animation_delay&quot;:200}\" data-widget_type=\"frel-accordion.default\">\n\t\t\t\t<div class=\"elementor-widget-container\">\n\t\t\t<div class=\"frel_wrapper\"><div class=\"fn-container\"><div class=\"fn_w_accordion\"><h3>\u0160to o\u010dekujemo i \u0161to nudimo?<\/h3><div class=\"accordion_in acc_active\"><div class=\"acc_head\"><span class=\"plus\"><\/span><p>O\u010dekujemo<\/p><\/div><div class=\"acc_content\"><p>- najmanje 5 godina radnog iskustva,<br \/>\n- osnovno poznavanje njema\u010dkog jezika,<br \/>\n- pouzdanost,<br \/>\n- odgovornost,<br \/>\n- voza\u010dki ispit B \u2013 kategorije,<br \/>\n- \u017eelja za stjecanjem dodatnih znanja.<\/p><\/div><\/div><div class=\"accordion_in\"><div class=\"acc_head\"><span class=\"plus\"><\/span><p>Nudimo<\/p><\/div><div class=\"acc_content\"><p>- radni odnos na odre\u0111eno vrijeme uz mogu\u0107nost produ\u017eenja,<br \/>\n- redovno pla\u0107anje,<br \/>\n- smje\u0161taj u mjestu rada i prijevoz na posao,<br \/>\n- povratak iz inozemstva svakih 4-5 tjedana.<\/p><\/div><\/div><\/div><\/div><\/div>\t\t<\/div>\n\t\t\t\t<\/div>\n\t\t\t\t\t<\/div>\n\t\t<\/div>\n\t\t\t\t\t<\/div>\n\t\t<\/section>\n\t\t\t\t<\/div>","protected":false},"excerpt":{"rendered":"<p>Pri DG Group d.o.o. zaradi odpiranja novih projektov in pove\u010danega obsega dela nenehno i\u0161\u010demo dober kader. \u010ce si \u017eelite delati v super kolektivu, vam potovanje po celotni EU ne predstavlja te\u017eav in se ne ustra\u0161ite izzivov, potem se pove\u017eite z nami preko obrazca spodaj. Veseli bomo, da vas bomo lahko dodali na na\u0161 seznam potencialnih [&hellip;]<\/p>","protected":false},"author":1,"featured_media":0,"parent":0,"menu_order":0,"comment_status":"closed","ping_status":"closed","template":"","meta":{"footnotes":""},"class_list":["post-944","page","type-page","status-publish","hentry"],"_links":{"self":[{"href":"https:\/\/dg-group.si\/hr\/wp-json\/wp\/v2\/pages\/944","targetHints":{"allow":["GET"]}}],"collection":[{"href":"https:\/\/dg-group.si\/hr\/wp-json\/wp\/v2\/pages"}],"about":[{"href":"https:\/\/dg-group.si\/hr\/wp-json\/wp\/v2\/types\/page"}],"author":[{"embeddable":true,"href":"https:\/\/dg-group.si\/hr\/wp-json\/wp\/v2\/users\/1"}],"replies":[{"embeddable":true,"href":"https:\/\/dg-group.si\/hr\/wp-json\/wp\/v2\/comments?post=944"}],"version-history":[{"count":28,"href":"https:\/\/dg-group.si\/hr\/wp-json\/wp\/v2\/pages\/944\/revisions"}],"predecessor-version":[{"id":1337,"href":"https:\/\/dg-group.si\/hr\/wp-json\/wp\/v2\/pages\/944\/revisions\/1337"}],"wp:attachment":[{"href":"https:\/\/dg-group.si\/hr\/wp-json\/wp\/v2\/media?parent=944"}],"curies":[{"name":"wp","href":"https:\/\/api.w.org\/{rel}","templated":true}]}}