{"id":299,"date":"2018-04-11T11:24:23","date_gmt":"2018-04-11T11:24:23","guid":{"rendered":"https:\/\/buildify.frenify.net\/1\/?page_id=299"},"modified":"2025-05-22T10:21:21","modified_gmt":"2025-05-22T08:21:21","slug":"o-podjetju-dg-group","status":"publish","type":"page","link":"https:\/\/dg-group.si\/hr\/o-podjetju-dg-group\/","title":{"rendered":"Tvrtka DG Group"},"content":{"rendered":"<div data-elementor-type=\"wp-post\" data-elementor-id=\"299\" class=\"elementor elementor-299\">\n\t\t\t\t\t\t<section class=\"elementor-section elementor-top-section elementor-element elementor-element-740e2d8 elementor-section-boxed elementor-section-height-default elementor-section-height-default\" data-id=\"740e2d8\" data-element_type=\"section\">\n\t\t\t\t\t\t<div class=\"elementor-container elementor-column-gap-default\">\n\t\t\t\t\t<div class=\"elementor-column elementor-col-100 elementor-top-column elementor-element elementor-element-6660c4a\" data-id=\"6660c4a\" data-element_type=\"column\">\n\t\t\t<div class=\"elementor-widget-wrap elementor-element-populated\">\n\t\t\t\t\t\t<div class=\"elementor-element elementor-element-faa8241 elementor-widget elementor-widget-text-editor\" data-id=\"faa8241\" data-element_type=\"widget\" data-widget_type=\"text-editor.default\">\n\t\t\t\t<div class=\"elementor-widget-container\">\n\t\t\t<style>\/*! elementor - v3.21.0 - 08-05-2024 *\/\n.elementor-widget-text-editor.elementor-drop-cap-view-stacked .elementor-drop-cap{background-color:#69727d;color:#fff}.elementor-widget-text-editor.elementor-drop-cap-view-framed .elementor-drop-cap{color:#69727d;border:3px solid;background-color:transparent}.elementor-widget-text-editor:not(.elementor-drop-cap-view-default) .elementor-drop-cap{margin-top:8px}.elementor-widget-text-editor:not(.elementor-drop-cap-view-default) .elementor-drop-cap-letter{width:1em;height:1em}.elementor-widget-text-editor .elementor-drop-cap{float:left;text-align:center;line-height:1;font-size:50px}.elementor-widget-text-editor .elementor-drop-cap-letter{display:inline-block}<\/style>\t\t\t\t<p>Od samog po\u010detka otvaranja tvrtke odlu\u010dili smo da \u0107e prioritet DG Group doo biti dobra i kvalitetna usluga. Upravo zato se posve\u0107ujemo svakom 101% projektu i rezultate stavljamo na prvo mjesto.<\/p><p>Dr\u017eimo se na\u010dela to\u010dnosti, dosljednosti i u\u010dinkovitosti, \u0161to nam omogu\u0107uje da na\u0161im klijentima ponudimo visokokvalitetne usluge. Radujemo se svakom izazovu i projektu, bez obzira na njegovu veli\u010dinu. Sretni smo \u0161to ve\u0107 dugi niz godina poma\u017eemo na\u0161im kupcima u postizanju br\u017eeg razvoja i rasta kroz optimizaciju procesa, automatizaciju i kompatibilnost razli\u010ditih sklopova.<\/p><p>\u00a0<\/p>\t\t\t\t\t\t<\/div>\n\t\t\t\t<\/div>\n\t\t\t\t\t<\/div>\n\t\t<\/div>\n\t\t\t\t\t<\/div>\n\t\t<\/section>\n\t\t\t\t<section class=\"elementor-section elementor-top-section elementor-element elementor-element-42d9dda elementor-section-boxed elementor-section-height-default elementor-section-height-default elementor-invisible\" data-id=\"42d9dda\" data-element_type=\"section\" data-settings=\"{&quot;animation&quot;:&quot;fadeInUp&quot;,&quot;animation_delay&quot;:0}\">\n\t\t\t\t\t\t<div class=\"elementor-container elementor-column-gap-default\">\n\t\t\t\t\t<div class=\"elementor-column elementor-col-100 elementor-top-column elementor-element elementor-element-3750de1\" data-id=\"3750de1\" data-element_type=\"column\">\n\t\t\t<div class=\"elementor-widget-wrap elementor-element-populated\">\n\t\t\t\t\t\t<div class=\"elementor-element elementor-element-8bacc5d elementor-widget elementor-widget-heading\" data-id=\"8bacc5d\" data-element_type=\"widget\" data-widget_type=\"heading.default\">\n\t\t\t\t<div class=\"elementor-widget-container\">\n\t\t\t<style>\/*! elementor - v3.21.0 - 08-05-2024 *\/\n.elementor-heading-title{padding:0;margin:0;line-height:1}.elementor-widget-heading .elementor-heading-title[class*=elementor-size-]>a{color:inherit;font-size:inherit;line-height:inherit}.elementor-widget-heading .elementor-heading-title.elementor-size-small{font-size:15px}.elementor-widget-heading .elementor-heading-title.elementor-size-medium{font-size:19px}.elementor-widget-heading .elementor-heading-title.elementor-size-large{font-size:29px}.elementor-widget-heading .elementor-heading-title.elementor-size-xl{font-size:39px}.elementor-widget-heading .elementor-heading-title.elementor-size-xxl{font-size:59px}<\/style><h3 class=\"elementor-heading-title elementor-size-default\">Sve po najnovijim standardima<\/h3>\t\t<\/div>\n\t\t\t\t<\/div>\n\t\t\t\t<div class=\"elementor-element elementor-element-6573242 elementor-widget elementor-widget-text-editor\" data-id=\"6573242\" data-element_type=\"widget\" data-widget_type=\"text-editor.default\">\n\t\t\t\t<div class=\"elementor-widget-container\">\n\t\t\t\t\t\t\t<p>Stalna edukacija, pra\u0107enje tehnolo\u0161kih inovacija na tr\u017ei\u0161tu u svim podru\u010djima struke \u2013 na\u0161e su konstante. Za\u0161to? Jer jedino tako mo\u017eemo ponuditi na\u0161im kupcima usluge i tehnologiju izra\u0111enu prema najnovijim standardima, koja vam mo\u017ee omogu\u0107iti lak\u0161i i br\u017ei rast i razvoj.\u00a0<\/p><p>Upravo zbog toga smo vlasnici razli\u010ditih u tvrtki <strong>SIQ<\/strong> i <strong>ISO<\/strong> potvrde.<\/p>\t\t\t\t\t\t<\/div>\n\t\t\t\t<\/div>\n\t\t\t\t\t<\/div>\n\t\t<\/div>\n\t\t\t\t\t<\/div>\n\t\t<\/section>\n\t\t\t\t<section class=\"elementor-section elementor-top-section elementor-element elementor-element-68159c4 elementor-section-full_width elementor-section-height-default elementor-section-height-default elementor-invisible\" data-id=\"68159c4\" data-element_type=\"section\" data-settings=\"{&quot;animation&quot;:&quot;fadeInUp&quot;,&quot;animation_delay&quot;:500}\">\n\t\t\t\t\t\t<div class=\"elementor-container elementor-column-gap-default\">\n\t\t\t\t\t<div class=\"elementor-column elementor-col-100 elementor-top-column elementor-element elementor-element-5765587\" data-id=\"5765587\" data-element_type=\"column\">\n\t\t\t<div class=\"elementor-widget-wrap elementor-element-populated\">\n\t\t\t\t\t\t<div class=\"elementor-element elementor-element-0faccf0 elementor-widget elementor-widget-frel-counter-with-content\" data-id=\"0faccf0\" data-element_type=\"widget\" data-widget_type=\"frel-counter-with-content.default\">\n\t\t\t\t<div class=\"elementor-widget-container\">\n\t\t\t<div class=\"frel_wrapper\"><div class=\"fn-container\"><div class=\"fn_w_counter_with_content\"><div class=\"fn-contained-for-full\"><div class=\"inner\"><div class=\"leftpart\"><ul><li><div><h3><span class=\"fn_w_counter\" data-from=\"\" data-to=\"\" data-speed=\"\">0<\/span><\/h3><p><\/p><\/div><\/li><\/ul><\/div><div class=\"rightpart\"><div class=\"content_holder\"><h5>Spremni za nove izazove<\/h5><h3>Spremni za va\u0161 projekt<\/h3><p>Najbolje se pokazujemo u praksi - u automatizaciji, linijskoj proizvodnji, programiranju, fluidnoj tehnici, pneumatici, spajanju elektroinstalacija, robotici i drugim monta\u017enim radovima, kao \u0161to su kerami\u010darski, li\u010dila\u010dki radovi i sl. Provjerite na\u0161e <a href=\"https:\/\/dg-group.si\/hr\/reference\/\">reference<\/a> i uspje\u0161no odra\u0111ene projekte ili pogledajte na\u0161 cjelokupni asortiman <a href=\"https:\/\/dg-group.si\/hr\/storitve\/\">servis<\/a>.<\/p><div class=\"img_list\"><ul><li><div data-bg-img=\"https:\/\/dg-group.si\/wp-content\/uploads\/2022\/08\/robotika.png\"><\/div><\/li><li><div data-bg-img=\"https:\/\/dg-group.si\/wp-content\/uploads\/2022\/08\/dggroup-electroinstalation.jpg\"><\/div><\/li><li><div data-bg-img=\"https:\/\/dg-group.si\/wp-content\/uploads\/2022\/08\/panelne-fasade.png\"><\/div><\/li><\/ul><\/div><\/div><div class=\"bg_holder\"><div class=\"o_color\"><\/div><div class=\"o_image\" data-bg-img=\"https:\/\/buildify.frenify.net\/1\/wp-content\/uploads\/2018\/04\/1-1.png\"><\/div><\/div><\/div><\/div><\/div><\/div><\/div><\/div>\t\t<\/div>\n\t\t\t\t<\/div>\n\t\t\t\t\t<\/div>\n\t\t<\/div>\n\t\t\t\t\t<\/div>\n\t\t<\/section>\n\t\t\t\t<section class=\"elementor-section elementor-top-section elementor-element elementor-element-7b9dc15 elementor-section-boxed elementor-section-height-default elementor-section-height-default elementor-invisible\" data-id=\"7b9dc15\" data-element_type=\"section\" data-settings=\"{&quot;animation&quot;:&quot;fadeInUp&quot;,&quot;animation_delay&quot;:500}\">\n\t\t\t\t\t\t<div class=\"elementor-container elementor-column-gap-default\">\n\t\t\t\t\t<div class=\"elementor-column elementor-col-100 elementor-top-column elementor-element elementor-element-b6c54df\" data-id=\"b6c54df\" data-element_type=\"column\">\n\t\t\t<div class=\"elementor-widget-wrap elementor-element-populated\">\n\t\t\t\t\t\t<div class=\"elementor-element elementor-element-8ff7ef1 elementor-widget elementor-widget-heading\" data-id=\"8ff7ef1\" data-element_type=\"widget\" data-widget_type=\"heading.default\">\n\t\t\t\t<div class=\"elementor-widget-container\">\n\t\t\t<h3 class=\"elementor-heading-title elementor-size-default\">Dobra energija, dobri projekti<\/h3>\t\t<\/div>\n\t\t\t\t<\/div>\n\t\t\t\t<div class=\"elementor-element elementor-element-5f66d8f elementor-widget elementor-widget-text-editor\" data-id=\"5f66d8f\" data-element_type=\"widget\" data-widget_type=\"text-editor.default\">\n\t\t\t\t<div class=\"elementor-widget-container\">\n\t\t\t\t\t\t\t<p>Tako\u0111er, veliki naglasak stavljamo na zadovoljstvo na\u0161ih zaposlenika, jer smo uvjereni da jedino tako mo\u017eemo ponuditi dobre usluge i rje\u0161enja. Na\u0161 tim broji ve\u0107 vi\u0161e od 50 ljudi pa je dobra energija u timu jo\u0161 va\u017enija.<\/p>\n<p>Svaki projekt dodjeljujemo na\u0161em voditelju projekta koji brine da sve ide po planu i komunicira s klijentom na svakom koraku.&nbsp;<\/p>\n<p>Upoznajte samo dio na\u0161eg tima.<\/p>\t\t\t\t\t\t<\/div>\n\t\t\t\t<\/div>\n\t\t\t\t\t<\/div>\n\t\t<\/div>\n\t\t\t\t\t<\/div>\n\t\t<\/section>\n\t\t\t\t<section class=\"elementor-section elementor-top-section elementor-element elementor-element-a0f6a13 elementor-section-boxed elementor-section-height-default elementor-section-height-default elementor-invisible\" data-id=\"a0f6a13\" data-element_type=\"section\" data-settings=\"{&quot;animation&quot;:&quot;fadeInUp&quot;,&quot;animation_delay&quot;:500}\">\n\t\t\t\t\t\t<div class=\"elementor-container elementor-column-gap-default\">\n\t\t\t\t\t<div class=\"elementor-column elementor-col-100 elementor-top-column elementor-element elementor-element-13fc78f\" data-id=\"13fc78f\" data-element_type=\"column\">\n\t\t\t<div class=\"elementor-widget-wrap elementor-element-populated\">\n\t\t\t\t\t\t<div class=\"elementor-element elementor-element-46ecafe elementor-widget elementor-widget-frel-team-member\" data-id=\"46ecafe\" data-element_type=\"widget\" data-widget_type=\"frel-team-member.default\">\n\t\t\t\t<div class=\"elementor-widget-container\">\n\t\t\t<div class=\"frel_wrapper\"><div class=\"fn-container\"><div class=\"fn_w_team_member\"><ul class=\"buildify_fn_masonry\" data-cols=\"3\"><li class=\"buildify_fn_masonry_in\"><div class=\"item\"><div class=\"img_holder\"><img decoding=\"async\" data-src=\"https:\/\/dg-group.si\/wp-content\/plugins\/buildify-core\/shortcode\/assets\/img\/thumb-700-530.jpg\" alt=\"\" src=\"data:image\/gif;base64,R0lGODlhAQABAAAAACH5BAEKAAEALAAAAAABAAEAAAICTAEAOw==\" class=\"lazyload\" \/><noscript><img decoding=\"async\" data-src=\"https:\/\/dg-group.si\/wp-content\/plugins\/buildify-core\/shortcode\/assets\/img\/thumb-700-530.jpg\" alt=\"\" src=\"data:image\/gif;base64,R0lGODlhAQABAAAAACH5BAEKAAEALAAAAAABAAEAAAICTAEAOw==\" class=\"lazyload\" \/><noscript><img decoding=\"async\" data-src=\"https:\/\/dg-group.si\/wp-content\/plugins\/buildify-core\/shortcode\/assets\/img\/thumb-700-530.jpg\" alt=\"\" src=\"data:image\/gif;base64,R0lGODlhAQABAAAAACH5BAEKAAEALAAAAAABAAEAAAICTAEAOw==\" class=\"lazyload\" \/><noscript><img decoding=\"async\" data-src=\"https:\/\/dg-group.si\/wp-content\/plugins\/buildify-core\/shortcode\/assets\/img\/thumb-700-530.jpg\" alt=\"\" src=\"data:image\/gif;base64,R0lGODlhAQABAAAAACH5BAEKAAEALAAAAAABAAEAAAICTAEAOw==\" class=\"lazyload\" \/><noscript><img decoding=\"async\" data-src=\"https:\/\/dg-group.si\/wp-content\/plugins\/buildify-core\/shortcode\/assets\/img\/thumb-700-530.jpg\" alt=\"\" src=\"data:image\/gif;base64,R0lGODlhAQABAAAAACH5BAEKAAEALAAAAAABAAEAAAICTAEAOw==\" class=\"lazyload\" \/><noscript><img decoding=\"async\" src=\"https:\/\/dg-group.si\/wp-content\/plugins\/buildify-core\/shortcode\/assets\/img\/thumb-700-530.jpg\" alt=\"\" \/><\/noscript><\/noscript><\/noscript><\/noscript><\/noscript><div class=\"img_abs\" data-bg-img=\"https:\/\/dg-group.si\/wp-content\/uploads\/2022\/08\/zaposlen.png\"><\/div><\/div><div class=\"title_holder\"><h3>Dalibor Trakovi\u0107<\/h3><p>direktor tvrtke<\/p><\/div><\/div><\/li><li class=\"buildify_fn_masonry_in\"><div class=\"item\"><div class=\"img_holder\"><img decoding=\"async\" data-src=\"https:\/\/dg-group.si\/wp-content\/plugins\/buildify-core\/shortcode\/assets\/img\/thumb-700-530.jpg\" alt=\"\" src=\"data:image\/gif;base64,R0lGODlhAQABAAAAACH5BAEKAAEALAAAAAABAAEAAAICTAEAOw==\" class=\"lazyload\" \/><noscript><img decoding=\"async\" data-src=\"https:\/\/dg-group.si\/wp-content\/plugins\/buildify-core\/shortcode\/assets\/img\/thumb-700-530.jpg\" alt=\"\" src=\"data:image\/gif;base64,R0lGODlhAQABAAAAACH5BAEKAAEALAAAAAABAAEAAAICTAEAOw==\" class=\"lazyload\" \/><noscript><img decoding=\"async\" data-src=\"https:\/\/dg-group.si\/wp-content\/plugins\/buildify-core\/shortcode\/assets\/img\/thumb-700-530.jpg\" alt=\"\" src=\"data:image\/gif;base64,R0lGODlhAQABAAAAACH5BAEKAAEALAAAAAABAAEAAAICTAEAOw==\" class=\"lazyload\" \/><noscript><img decoding=\"async\" data-src=\"https:\/\/dg-group.si\/wp-content\/plugins\/buildify-core\/shortcode\/assets\/img\/thumb-700-530.jpg\" alt=\"\" src=\"data:image\/gif;base64,R0lGODlhAQABAAAAACH5BAEKAAEALAAAAAABAAEAAAICTAEAOw==\" class=\"lazyload\" \/><noscript><img decoding=\"async\" data-src=\"https:\/\/dg-group.si\/wp-content\/plugins\/buildify-core\/shortcode\/assets\/img\/thumb-700-530.jpg\" alt=\"\" src=\"data:image\/gif;base64,R0lGODlhAQABAAAAACH5BAEKAAEALAAAAAABAAEAAAICTAEAOw==\" class=\"lazyload\" \/><noscript><img decoding=\"async\" src=\"https:\/\/dg-group.si\/wp-content\/plugins\/buildify-core\/shortcode\/assets\/img\/thumb-700-530.jpg\" alt=\"\" \/><\/noscript><\/noscript><\/noscript><\/noscript><\/noscript><div class=\"img_abs\" data-bg-img=\"https:\/\/dg-group.si\/wp-content\/uploads\/2022\/08\/zaposlen.png\"><\/div><\/div><div class=\"title_holder\"><h3>Goran Lemut<\/h3><p>direktor tvrtke<\/p><\/div><\/div><\/li><li class=\"buildify_fn_masonry_in\"><div class=\"item\"><div class=\"img_holder\"><img decoding=\"async\" data-src=\"https:\/\/dg-group.si\/wp-content\/plugins\/buildify-core\/shortcode\/assets\/img\/thumb-700-530.jpg\" alt=\"\" src=\"data:image\/gif;base64,R0lGODlhAQABAAAAACH5BAEKAAEALAAAAAABAAEAAAICTAEAOw==\" class=\"lazyload\" \/><noscript><img decoding=\"async\" data-src=\"https:\/\/dg-group.si\/wp-content\/plugins\/buildify-core\/shortcode\/assets\/img\/thumb-700-530.jpg\" alt=\"\" src=\"data:image\/gif;base64,R0lGODlhAQABAAAAACH5BAEKAAEALAAAAAABAAEAAAICTAEAOw==\" class=\"lazyload\" \/><noscript><img decoding=\"async\" data-src=\"https:\/\/dg-group.si\/wp-content\/plugins\/buildify-core\/shortcode\/assets\/img\/thumb-700-530.jpg\" alt=\"\" src=\"data:image\/gif;base64,R0lGODlhAQABAAAAACH5BAEKAAEALAAAAAABAAEAAAICTAEAOw==\" class=\"lazyload\" \/><noscript><img decoding=\"async\" data-src=\"https:\/\/dg-group.si\/wp-content\/plugins\/buildify-core\/shortcode\/assets\/img\/thumb-700-530.jpg\" alt=\"\" src=\"data:image\/gif;base64,R0lGODlhAQABAAAAACH5BAEKAAEALAAAAAABAAEAAAICTAEAOw==\" class=\"lazyload\" \/><noscript><img decoding=\"async\" data-src=\"https:\/\/dg-group.si\/wp-content\/plugins\/buildify-core\/shortcode\/assets\/img\/thumb-700-530.jpg\" alt=\"\" src=\"data:image\/gif;base64,R0lGODlhAQABAAAAACH5BAEKAAEALAAAAAABAAEAAAICTAEAOw==\" class=\"lazyload\" \/><noscript><img decoding=\"async\" src=\"https:\/\/dg-group.si\/wp-content\/plugins\/buildify-core\/shortcode\/assets\/img\/thumb-700-530.jpg\" alt=\"\" \/><\/noscript><\/noscript><\/noscript><\/noscript><\/noscript><div class=\"img_abs\" data-bg-img=\"https:\/\/dg-group.si\/wp-content\/uploads\/2022\/08\/zaposlen.png\"><\/div><\/div><div class=\"title_holder\"><h3>Miha Haring<\/h3><p>Voditelj projekta<\/p><\/div><\/div><\/li><li class=\"buildify_fn_masonry_in\"><div class=\"item\"><div class=\"img_holder\"><img decoding=\"async\" data-src=\"https:\/\/dg-group.si\/wp-content\/plugins\/buildify-core\/shortcode\/assets\/img\/thumb-700-530.jpg\" alt=\"\" src=\"data:image\/gif;base64,R0lGODlhAQABAAAAACH5BAEKAAEALAAAAAABAAEAAAICTAEAOw==\" class=\"lazyload\" \/><noscript><img decoding=\"async\" data-src=\"https:\/\/dg-group.si\/wp-content\/plugins\/buildify-core\/shortcode\/assets\/img\/thumb-700-530.jpg\" alt=\"\" src=\"data:image\/gif;base64,R0lGODlhAQABAAAAACH5BAEKAAEALAAAAAABAAEAAAICTAEAOw==\" class=\"lazyload\" \/><noscript><img decoding=\"async\" data-src=\"https:\/\/dg-group.si\/wp-content\/plugins\/buildify-core\/shortcode\/assets\/img\/thumb-700-530.jpg\" alt=\"\" src=\"data:image\/gif;base64,R0lGODlhAQABAAAAACH5BAEKAAEALAAAAAABAAEAAAICTAEAOw==\" class=\"lazyload\" \/><noscript><img decoding=\"async\" data-src=\"https:\/\/dg-group.si\/wp-content\/plugins\/buildify-core\/shortcode\/assets\/img\/thumb-700-530.jpg\" alt=\"\" src=\"data:image\/gif;base64,R0lGODlhAQABAAAAACH5BAEKAAEALAAAAAABAAEAAAICTAEAOw==\" class=\"lazyload\" \/><noscript><img decoding=\"async\" data-src=\"https:\/\/dg-group.si\/wp-content\/plugins\/buildify-core\/shortcode\/assets\/img\/thumb-700-530.jpg\" alt=\"\" src=\"data:image\/gif;base64,R0lGODlhAQABAAAAACH5BAEKAAEALAAAAAABAAEAAAICTAEAOw==\" class=\"lazyload\" \/><noscript><img decoding=\"async\" src=\"https:\/\/dg-group.si\/wp-content\/plugins\/buildify-core\/shortcode\/assets\/img\/thumb-700-530.jpg\" alt=\"\" \/><\/noscript><\/noscript><\/noscript><\/noscript><\/noscript><div class=\"img_abs\" data-bg-img=\"https:\/\/dg-group.si\/wp-content\/uploads\/2022\/08\/zaposlen.png\"><\/div><\/div><div class=\"title_holder\"><h3>Damijan Hrastnik<\/h3><p>Voditelj projekta<\/p><\/div><\/div><\/li><li class=\"buildify_fn_masonry_in\"><div class=\"item\"><div class=\"img_holder\"><img decoding=\"async\" data-src=\"https:\/\/dg-group.si\/wp-content\/plugins\/buildify-core\/shortcode\/assets\/img\/thumb-700-530.jpg\" alt=\"\" src=\"data:image\/gif;base64,R0lGODlhAQABAAAAACH5BAEKAAEALAAAAAABAAEAAAICTAEAOw==\" class=\"lazyload\" \/><noscript><img decoding=\"async\" data-src=\"https:\/\/dg-group.si\/wp-content\/plugins\/buildify-core\/shortcode\/assets\/img\/thumb-700-530.jpg\" alt=\"\" src=\"data:image\/gif;base64,R0lGODlhAQABAAAAACH5BAEKAAEALAAAAAABAAEAAAICTAEAOw==\" class=\"lazyload\" \/><noscript><img decoding=\"async\" data-src=\"https:\/\/dg-group.si\/wp-content\/plugins\/buildify-core\/shortcode\/assets\/img\/thumb-700-530.jpg\" alt=\"\" src=\"data:image\/gif;base64,R0lGODlhAQABAAAAACH5BAEKAAEALAAAAAABAAEAAAICTAEAOw==\" class=\"lazyload\" \/><noscript><img decoding=\"async\" data-src=\"https:\/\/dg-group.si\/wp-content\/plugins\/buildify-core\/shortcode\/assets\/img\/thumb-700-530.jpg\" alt=\"\" src=\"data:image\/gif;base64,R0lGODlhAQABAAAAACH5BAEKAAEALAAAAAABAAEAAAICTAEAOw==\" class=\"lazyload\" \/><noscript><img decoding=\"async\" data-src=\"https:\/\/dg-group.si\/wp-content\/plugins\/buildify-core\/shortcode\/assets\/img\/thumb-700-530.jpg\" alt=\"\" src=\"data:image\/gif;base64,R0lGODlhAQABAAAAACH5BAEKAAEALAAAAAABAAEAAAICTAEAOw==\" class=\"lazyload\" \/><noscript><img decoding=\"async\" src=\"https:\/\/dg-group.si\/wp-content\/plugins\/buildify-core\/shortcode\/assets\/img\/thumb-700-530.jpg\" alt=\"\" \/><\/noscript><\/noscript><\/noscript><\/noscript><\/noscript><div class=\"img_abs\" data-bg-img=\"https:\/\/dg-group.si\/wp-content\/uploads\/2022\/08\/zaposlen.png\"><\/div><\/div><div class=\"title_holder\"><h3>Deni Strauss<\/h3><p>Voditelj projekta<\/p><\/div><\/div><\/li><\/ul><\/div><\/div><\/div>\t\t<\/div>\n\t\t\t\t<\/div>\n\t\t\t\t\t<\/div>\n\t\t<\/div>\n\t\t\t\t\t<\/div>\n\t\t<\/section>\n\t\t\t\t<section class=\"elementor-section elementor-top-section elementor-element elementor-element-02fe60c elementor-section-boxed elementor-section-height-default elementor-section-height-default\" data-id=\"02fe60c\" data-element_type=\"section\">\n\t\t\t\t\t\t<div class=\"elementor-container elementor-column-gap-default\">\n\t\t\t\t\t<div class=\"elementor-column elementor-col-100 elementor-top-column elementor-element elementor-element-299d2aa\" data-id=\"299d2aa\" data-element_type=\"column\">\n\t\t\t<div class=\"elementor-widget-wrap elementor-element-populated\">\n\t\t\t\t\t\t<section class=\"elementor-section elementor-inner-section elementor-element elementor-element-eaf8b3a elementor-section-boxed elementor-section-height-default elementor-section-height-default\" data-id=\"eaf8b3a\" data-element_type=\"section\" data-settings=\"{&quot;background_background&quot;:&quot;classic&quot;}\">\n\t\t\t\t\t\t<div class=\"elementor-container elementor-column-gap-default\">\n\t\t\t\t\t<div class=\"elementor-column elementor-col-50 elementor-inner-column elementor-element elementor-element-1141a59\" data-id=\"1141a59\" data-element_type=\"column\">\n\t\t\t<div class=\"elementor-widget-wrap elementor-element-populated\">\n\t\t\t\t\t\t<div class=\"elementor-element elementor-element-1595c4a elementor-widget elementor-widget-heading\" data-id=\"1595c4a\" data-element_type=\"widget\" data-widget_type=\"heading.default\">\n\t\t\t\t<div class=\"elementor-widget-container\">\n\t\t\t<h3 class=\"elementor-heading-title elementor-size-default\">VRIJEME JE ZA IZAZOVE<\/h3>\t\t<\/div>\n\t\t\t\t<\/div>\n\t\t\t\t<div class=\"elementor-element elementor-element-669c656 elementor-widget elementor-widget-heading\" data-id=\"669c656\" data-element_type=\"widget\" data-widget_type=\"heading.default\">\n\t\t\t\t<div class=\"elementor-widget-container\">\n\t\t\t<h2 class=\"elementor-heading-title elementor-size-default\">Nova prilika za karijeru<\/h2>\t\t<\/div>\n\t\t\t\t<\/div>\n\t\t\t\t<div class=\"elementor-element elementor-element-870738e elementor-widget elementor-widget-text-editor\" data-id=\"870738e\" data-element_type=\"widget\" data-widget_type=\"text-editor.default\">\n\t\t\t\t<div class=\"elementor-widget-container\">\n\t\t\t\t\t\t\t<p>Ovdje je uvijek dobrodo\u0161lo i dobro osoblje. Ako nam se \u017eelite pridru\u017eiti, kliknite ovdje za vi\u0161e informacija.<\/p>\t\t\t\t\t\t<\/div>\n\t\t\t\t<\/div>\n\t\t\t\t<div class=\"elementor-element elementor-element-015fa9e elementor-widget elementor-widget-button\" data-id=\"015fa9e\" data-element_type=\"widget\" data-widget_type=\"button.default\">\n\t\t\t\t<div class=\"elementor-widget-container\">\n\t\t\t\t\t<div class=\"elementor-button-wrapper\">\n\t\t\t<a class=\"elementor-button elementor-button-link elementor-size-sm\" href=\"https:\/\/dg-group.si\/hr\/zaposlitev\/\">\n\t\t\t\t\t\t<span class=\"elementor-button-content-wrapper\">\n\t\t\t\t\t\t\t\t\t<span class=\"elementor-button-text\">KLIKNITE OVDJE<\/span>\n\t\t\t\t\t<\/span>\n\t\t\t\t\t<\/a>\n\t\t<\/div>\n\t\t\t\t<\/div>\n\t\t\t\t<\/div>\n\t\t\t\t\t<\/div>\n\t\t<\/div>\n\t\t\t\t<div class=\"elementor-column elementor-col-50 elementor-inner-column elementor-element elementor-element-4327802\" data-id=\"4327802\" data-element_type=\"column\">\n\t\t\t<div class=\"elementor-widget-wrap elementor-element-populated\">\n\t\t\t\t\t\t<div class=\"elementor-element elementor-element-f9a08d7 elementor-view-framed elementor-shape-circle elementor-widget elementor-widget-icon\" data-id=\"f9a08d7\" data-element_type=\"widget\" data-widget_type=\"icon.default\">\n\t\t\t\t<div class=\"elementor-widget-container\">\n\t\t\t\t\t<div class=\"elementor-icon-wrapper\">\n\t\t\t<div class=\"elementor-icon\">\n\t\t\t<i aria-hidden=\"true\" class=\"far fa-handshake\"><\/i>\t\t\t<\/div>\n\t\t<\/div>\n\t\t\t\t<\/div>\n\t\t\t\t<\/div>\n\t\t\t\t\t<\/div>\n\t\t<\/div>\n\t\t\t\t\t<\/div>\n\t\t<\/section>\n\t\t\t\t\t<\/div>\n\t\t<\/div>\n\t\t\t\t\t<\/div>\n\t\t<\/section>\n\t\t\t\t<\/div>","protected":false},"excerpt":{"rendered":"<p>\u017de od samega za\u010detka odprtja podjetja smo se odlo\u010dili, da bo ospredje podjetja DG Group d.o.o. dobra in kakovostna storitev. Ravno zato se vsakemu projektu 101% posvetimo in rezultate dajemo na prvo mesto. Dr\u017eimo se na\u010dela, da smo natan\u010dni, dosledni in u\u010dinkoviti, kar nam omogo\u010da, da lahko strankam nudimo visoko kakovst na\u0161ih storitev. Veselimo vsakega [&hellip;]<\/p>","protected":false},"author":1,"featured_media":0,"parent":0,"menu_order":0,"comment_status":"closed","ping_status":"closed","template":"page-fullwidth.php","meta":{"footnotes":""},"class_list":["post-299","page","type-page","status-publish","hentry"],"_links":{"self":[{"href":"https:\/\/dg-group.si\/hr\/wp-json\/wp\/v2\/pages\/299","targetHints":{"allow":["GET"]}}],"collection":[{"href":"https:\/\/dg-group.si\/hr\/wp-json\/wp\/v2\/pages"}],"about":[{"href":"https:\/\/dg-group.si\/hr\/wp-json\/wp\/v2\/types\/page"}],"author":[{"embeddable":true,"href":"https:\/\/dg-group.si\/hr\/wp-json\/wp\/v2\/users\/1"}],"replies":[{"embeddable":true,"href":"https:\/\/dg-group.si\/hr\/wp-json\/wp\/v2\/comments?post=299"}],"version-history":[{"count":58,"href":"https:\/\/dg-group.si\/hr\/wp-json\/wp\/v2\/pages\/299\/revisions"}],"predecessor-version":[{"id":1341,"href":"https:\/\/dg-group.si\/hr\/wp-json\/wp\/v2\/pages\/299\/revisions\/1341"}],"wp:attachment":[{"href":"https:\/\/dg-group.si\/hr\/wp-json\/wp\/v2\/media?parent=299"}],"curies":[{"name":"wp","href":"https:\/\/api.w.org\/{rel}","templated":true}]}}