{"id":299,"date":"2018-04-11T11:24:23","date_gmt":"2018-04-11T11:24:23","guid":{"rendered":"https:\/\/buildify.frenify.net\/1\/?page_id=299"},"modified":"2025-05-22T10:21:21","modified_gmt":"2025-05-22T08:21:21","slug":"o-podjetju-dg-group","status":"publish","type":"page","link":"https:\/\/dg-group.si\/en\/o-podjetju-dg-group\/","title":{"rendered":"Company DG Group"},"content":{"rendered":"<div data-elementor-type=\"wp-post\" data-elementor-id=\"299\" class=\"elementor elementor-299\">\n\t\t\t\t\t\t<section class=\"elementor-section elementor-top-section elementor-element elementor-element-740e2d8 elementor-section-boxed elementor-section-height-default elementor-section-height-default\" data-id=\"740e2d8\" data-element_type=\"section\">\n\t\t\t\t\t\t<div class=\"elementor-container elementor-column-gap-default\">\n\t\t\t\t\t<div class=\"elementor-column elementor-col-100 elementor-top-column elementor-element elementor-element-6660c4a\" data-id=\"6660c4a\" data-element_type=\"column\">\n\t\t\t<div class=\"elementor-widget-wrap elementor-element-populated\">\n\t\t\t\t\t\t<div class=\"elementor-element elementor-element-faa8241 elementor-widget elementor-widget-text-editor\" data-id=\"faa8241\" data-element_type=\"widget\" data-widget_type=\"text-editor.default\">\n\t\t\t\t<div class=\"elementor-widget-container\">\n\t\t\t<style>\/*! elementor - v3.21.0 - 08-05-2024 *\/\n.elementor-widget-text-editor.elementor-drop-cap-view-stacked .elementor-drop-cap{background-color:#69727d;color:#fff}.elementor-widget-text-editor.elementor-drop-cap-view-framed .elementor-drop-cap{color:#69727d;border:3px solid;background-color:transparent}.elementor-widget-text-editor:not(.elementor-drop-cap-view-default) .elementor-drop-cap{margin-top:8px}.elementor-widget-text-editor:not(.elementor-drop-cap-view-default) .elementor-drop-cap-letter{width:1em;height:1em}.elementor-widget-text-editor .elementor-drop-cap{float:left;text-align:center;line-height:1;font-size:50px}.elementor-widget-text-editor .elementor-drop-cap-letter{display:inline-block}<\/style>\t\t\t\t<p>From the very beginning of the opening of the company, we decided that the priority of DG Group doo would be good and quality service. This is exactly why we devote ourselves to every 101% project and put results first.<\/p><p>We adhere to the principle of being accurate, consistent and efficient, which allows us to offer our customers high quality services. We look forward to every challenge and project, regardless of its size. We are happy that for many years we have been helping our customers to achieve faster development and growth through the optimization of processes, automation and compatibility of various assemblies.<\/p><p>\u00a0<\/p>\t\t\t\t\t\t<\/div>\n\t\t\t\t<\/div>\n\t\t\t\t\t<\/div>\n\t\t<\/div>\n\t\t\t\t\t<\/div>\n\t\t<\/section>\n\t\t\t\t<section class=\"elementor-section elementor-top-section elementor-element elementor-element-42d9dda elementor-section-boxed elementor-section-height-default elementor-section-height-default elementor-invisible\" data-id=\"42d9dda\" data-element_type=\"section\" data-settings=\"{&quot;animation&quot;:&quot;fadeInUp&quot;,&quot;animation_delay&quot;:0}\">\n\t\t\t\t\t\t<div class=\"elementor-container elementor-column-gap-default\">\n\t\t\t\t\t<div class=\"elementor-column elementor-col-100 elementor-top-column elementor-element elementor-element-3750de1\" data-id=\"3750de1\" data-element_type=\"column\">\n\t\t\t<div class=\"elementor-widget-wrap elementor-element-populated\">\n\t\t\t\t\t\t<div class=\"elementor-element elementor-element-8bacc5d elementor-widget elementor-widget-heading\" data-id=\"8bacc5d\" data-element_type=\"widget\" data-widget_type=\"heading.default\">\n\t\t\t\t<div class=\"elementor-widget-container\">\n\t\t\t<style>\/*! elementor - v3.21.0 - 08-05-2024 *\/\n.elementor-heading-title{padding:0;margin:0;line-height:1}.elementor-widget-heading .elementor-heading-title[class*=elementor-size-]>a{color:inherit;font-size:inherit;line-height:inherit}.elementor-widget-heading .elementor-heading-title.elementor-size-small{font-size:15px}.elementor-widget-heading .elementor-heading-title.elementor-size-medium{font-size:19px}.elementor-widget-heading .elementor-heading-title.elementor-size-large{font-size:29px}.elementor-widget-heading .elementor-heading-title.elementor-size-xl{font-size:39px}.elementor-widget-heading .elementor-heading-title.elementor-size-xxl{font-size:59px}<\/style><h3 class=\"elementor-heading-title elementor-size-default\">Everything according to the latest standards<\/h3>\t\t<\/div>\n\t\t\t\t<\/div>\n\t\t\t\t<div class=\"elementor-element elementor-element-6573242 elementor-widget elementor-widget-text-editor\" data-id=\"6573242\" data-element_type=\"widget\" data-widget_type=\"text-editor.default\">\n\t\t\t\t<div class=\"elementor-widget-container\">\n\t\t\t\t\t\t\t<p>Continuous education, monitoring of technological innovations on the market in all areas of the profession - these are our constants. Why? Because this is the only way we can offer our customers services and technology made according to the latest standards, which can enable you to grow and develop easier and even faster.\u00a0<\/p><p>This is exactly why we are owners of different ones in the company <strong>SIQ<\/strong> and <strong>ISO<\/strong> certificates.<\/p>\t\t\t\t\t\t<\/div>\n\t\t\t\t<\/div>\n\t\t\t\t\t<\/div>\n\t\t<\/div>\n\t\t\t\t\t<\/div>\n\t\t<\/section>\n\t\t\t\t<section class=\"elementor-section elementor-top-section elementor-element elementor-element-68159c4 elementor-section-full_width elementor-section-height-default elementor-section-height-default elementor-invisible\" data-id=\"68159c4\" data-element_type=\"section\" data-settings=\"{&quot;animation&quot;:&quot;fadeInUp&quot;,&quot;animation_delay&quot;:500}\">\n\t\t\t\t\t\t<div class=\"elementor-container elementor-column-gap-default\">\n\t\t\t\t\t<div class=\"elementor-column elementor-col-100 elementor-top-column elementor-element elementor-element-5765587\" data-id=\"5765587\" data-element_type=\"column\">\n\t\t\t<div class=\"elementor-widget-wrap elementor-element-populated\">\n\t\t\t\t\t\t<div class=\"elementor-element elementor-element-0faccf0 elementor-widget elementor-widget-frel-counter-with-content\" data-id=\"0faccf0\" data-element_type=\"widget\" data-widget_type=\"frel-counter-with-content.default\">\n\t\t\t\t<div class=\"elementor-widget-container\">\n\t\t\t<div class=\"frel_wrapper\"><div class=\"fn-container\"><div class=\"fn_w_counter_with_content\"><div class=\"fn-contained-for-full\"><div class=\"inner\"><div class=\"leftpart\"><ul><li><div><h3><span class=\"fn_w_counter\" data-from=\"\" data-to=\"\" data-speed=\"\">0<\/span><\/h3><p><\/p><\/div><\/li><\/ul><\/div><div class=\"rightpart\"><div class=\"content_holder\"><h5>Ready for new challenges<\/h5><h3>Ready for your project<\/h3><p>We prove ourselves best in practice - in automation, line production, programming, fluid technology, pneumatics, connecting electrical wiring, robotics and other assembly works, such as ceramics, painting works, etc. Check out ours <a href=\"https:\/\/dg-group.si\/en\/reference\/\">references<\/a> and successfully completed projects, or view our entire range <a href=\"https:\/\/dg-group.si\/en\/storitve\/\">service<\/a>.<\/p><div class=\"img_list\"><ul><li><div data-bg-img=\"https:\/\/dg-group.si\/wp-content\/uploads\/2022\/08\/robotika.png\"><\/div><\/li><li><div data-bg-img=\"https:\/\/dg-group.si\/wp-content\/uploads\/2022\/08\/dggroup-electroinstalation.jpg\"><\/div><\/li><li><div data-bg-img=\"https:\/\/dg-group.si\/wp-content\/uploads\/2022\/08\/panelne-fasade.png\"><\/div><\/li><\/ul><\/div><\/div><div class=\"bg_holder\"><div class=\"o_color\"><\/div><div class=\"o_image\" data-bg-img=\"https:\/\/buildify.frenify.net\/1\/wp-content\/uploads\/2018\/04\/1-1.png\"><\/div><\/div><\/div><\/div><\/div><\/div><\/div><\/div>\t\t<\/div>\n\t\t\t\t<\/div>\n\t\t\t\t\t<\/div>\n\t\t<\/div>\n\t\t\t\t\t<\/div>\n\t\t<\/section>\n\t\t\t\t<section class=\"elementor-section elementor-top-section elementor-element elementor-element-7b9dc15 elementor-section-boxed elementor-section-height-default elementor-section-height-default elementor-invisible\" data-id=\"7b9dc15\" data-element_type=\"section\" data-settings=\"{&quot;animation&quot;:&quot;fadeInUp&quot;,&quot;animation_delay&quot;:500}\">\n\t\t\t\t\t\t<div class=\"elementor-container elementor-column-gap-default\">\n\t\t\t\t\t<div class=\"elementor-column elementor-col-100 elementor-top-column elementor-element elementor-element-b6c54df\" data-id=\"b6c54df\" data-element_type=\"column\">\n\t\t\t<div class=\"elementor-widget-wrap elementor-element-populated\">\n\t\t\t\t\t\t<div class=\"elementor-element elementor-element-8ff7ef1 elementor-widget elementor-widget-heading\" data-id=\"8ff7ef1\" data-element_type=\"widget\" data-widget_type=\"heading.default\">\n\t\t\t\t<div class=\"elementor-widget-container\">\n\t\t\t<h3 class=\"elementor-heading-title elementor-size-default\">Good energy, good projects<\/h3>\t\t<\/div>\n\t\t\t\t<\/div>\n\t\t\t\t<div class=\"elementor-element elementor-element-5f66d8f elementor-widget elementor-widget-text-editor\" data-id=\"5f66d8f\" data-element_type=\"widget\" data-widget_type=\"text-editor.default\">\n\t\t\t\t<div class=\"elementor-widget-container\">\n\t\t\t\t\t\t\t<p>We also place great emphasis on the satisfaction of our employees, as we are convinced that this is the only way we can offer good services and solutions. Our team already has more than 50 people, so good energy in the team is even more important.<\/p>\n<p>We assign each project to our project manager, who ensures that everything goes according to plan and communicates with the client at every step.&nbsp;<\/p>\n<p>Meet just part of our team.<\/p>\t\t\t\t\t\t<\/div>\n\t\t\t\t<\/div>\n\t\t\t\t\t<\/div>\n\t\t<\/div>\n\t\t\t\t\t<\/div>\n\t\t<\/section>\n\t\t\t\t<section class=\"elementor-section elementor-top-section elementor-element elementor-element-a0f6a13 elementor-section-boxed elementor-section-height-default elementor-section-height-default elementor-invisible\" data-id=\"a0f6a13\" data-element_type=\"section\" data-settings=\"{&quot;animation&quot;:&quot;fadeInUp&quot;,&quot;animation_delay&quot;:500}\">\n\t\t\t\t\t\t<div class=\"elementor-container elementor-column-gap-default\">\n\t\t\t\t\t<div class=\"elementor-column elementor-col-100 elementor-top-column elementor-element elementor-element-13fc78f\" data-id=\"13fc78f\" data-element_type=\"column\">\n\t\t\t<div class=\"elementor-widget-wrap elementor-element-populated\">\n\t\t\t\t\t\t<div class=\"elementor-element elementor-element-46ecafe elementor-widget elementor-widget-frel-team-member\" data-id=\"46ecafe\" data-element_type=\"widget\" data-widget_type=\"frel-team-member.default\">\n\t\t\t\t<div class=\"elementor-widget-container\">\n\t\t\t<div class=\"frel_wrapper\"><div class=\"fn-container\"><div class=\"fn_w_team_member\"><ul class=\"buildify_fn_masonry\" data-cols=\"3\"><li class=\"buildify_fn_masonry_in\"><div class=\"item\"><div class=\"img_holder\"><img decoding=\"async\" data-src=\"https:\/\/dg-group.si\/wp-content\/plugins\/buildify-core\/shortcode\/assets\/img\/thumb-700-530.jpg\" alt=\"\" src=\"data:image\/gif;base64,R0lGODlhAQABAAAAACH5BAEKAAEALAAAAAABAAEAAAICTAEAOw==\" class=\"lazyload\" \/><noscript><img decoding=\"async\" data-src=\"https:\/\/dg-group.si\/wp-content\/plugins\/buildify-core\/shortcode\/assets\/img\/thumb-700-530.jpg\" alt=\"\" src=\"data:image\/gif;base64,R0lGODlhAQABAAAAACH5BAEKAAEALAAAAAABAAEAAAICTAEAOw==\" class=\"lazyload\" \/><noscript><img decoding=\"async\" data-src=\"https:\/\/dg-group.si\/wp-content\/plugins\/buildify-core\/shortcode\/assets\/img\/thumb-700-530.jpg\" alt=\"\" src=\"data:image\/gif;base64,R0lGODlhAQABAAAAACH5BAEKAAEALAAAAAABAAEAAAICTAEAOw==\" class=\"lazyload\" \/><noscript><img decoding=\"async\" data-src=\"https:\/\/dg-group.si\/wp-content\/plugins\/buildify-core\/shortcode\/assets\/img\/thumb-700-530.jpg\" alt=\"\" src=\"data:image\/gif;base64,R0lGODlhAQABAAAAACH5BAEKAAEALAAAAAABAAEAAAICTAEAOw==\" class=\"lazyload\" \/><noscript><img decoding=\"async\" data-src=\"https:\/\/dg-group.si\/wp-content\/plugins\/buildify-core\/shortcode\/assets\/img\/thumb-700-530.jpg\" alt=\"\" src=\"data:image\/gif;base64,R0lGODlhAQABAAAAACH5BAEKAAEALAAAAAABAAEAAAICTAEAOw==\" class=\"lazyload\" \/><noscript><img decoding=\"async\" src=\"https:\/\/dg-group.si\/wp-content\/plugins\/buildify-core\/shortcode\/assets\/img\/thumb-700-530.jpg\" alt=\"\" \/><\/noscript><\/noscript><\/noscript><\/noscript><\/noscript><div class=\"img_abs\" data-bg-img=\"https:\/\/dg-group.si\/wp-content\/uploads\/2022\/08\/zaposlen.png\"><\/div><\/div><div class=\"title_holder\"><h3>Dalibor Trakovi\u0107<\/h3><p>CEO<\/p><\/div><\/div><\/li><li class=\"buildify_fn_masonry_in\"><div class=\"item\"><div class=\"img_holder\"><img decoding=\"async\" data-src=\"https:\/\/dg-group.si\/wp-content\/plugins\/buildify-core\/shortcode\/assets\/img\/thumb-700-530.jpg\" alt=\"\" src=\"data:image\/gif;base64,R0lGODlhAQABAAAAACH5BAEKAAEALAAAAAABAAEAAAICTAEAOw==\" class=\"lazyload\" \/><noscript><img decoding=\"async\" data-src=\"https:\/\/dg-group.si\/wp-content\/plugins\/buildify-core\/shortcode\/assets\/img\/thumb-700-530.jpg\" alt=\"\" src=\"data:image\/gif;base64,R0lGODlhAQABAAAAACH5BAEKAAEALAAAAAABAAEAAAICTAEAOw==\" class=\"lazyload\" \/><noscript><img decoding=\"async\" data-src=\"https:\/\/dg-group.si\/wp-content\/plugins\/buildify-core\/shortcode\/assets\/img\/thumb-700-530.jpg\" alt=\"\" src=\"data:image\/gif;base64,R0lGODlhAQABAAAAACH5BAEKAAEALAAAAAABAAEAAAICTAEAOw==\" class=\"lazyload\" \/><noscript><img decoding=\"async\" data-src=\"https:\/\/dg-group.si\/wp-content\/plugins\/buildify-core\/shortcode\/assets\/img\/thumb-700-530.jpg\" alt=\"\" src=\"data:image\/gif;base64,R0lGODlhAQABAAAAACH5BAEKAAEALAAAAAABAAEAAAICTAEAOw==\" class=\"lazyload\" \/><noscript><img decoding=\"async\" data-src=\"https:\/\/dg-group.si\/wp-content\/plugins\/buildify-core\/shortcode\/assets\/img\/thumb-700-530.jpg\" alt=\"\" src=\"data:image\/gif;base64,R0lGODlhAQABAAAAACH5BAEKAAEALAAAAAABAAEAAAICTAEAOw==\" class=\"lazyload\" \/><noscript><img decoding=\"async\" src=\"https:\/\/dg-group.si\/wp-content\/plugins\/buildify-core\/shortcode\/assets\/img\/thumb-700-530.jpg\" alt=\"\" \/><\/noscript><\/noscript><\/noscript><\/noscript><\/noscript><div class=\"img_abs\" data-bg-img=\"https:\/\/dg-group.si\/wp-content\/uploads\/2022\/08\/zaposlen.png\"><\/div><\/div><div class=\"title_holder\"><h3>Goran Lemut<\/h3><p>CEO<\/p><\/div><\/div><\/li><li class=\"buildify_fn_masonry_in\"><div class=\"item\"><div class=\"img_holder\"><img decoding=\"async\" data-src=\"https:\/\/dg-group.si\/wp-content\/plugins\/buildify-core\/shortcode\/assets\/img\/thumb-700-530.jpg\" alt=\"\" src=\"data:image\/gif;base64,R0lGODlhAQABAAAAACH5BAEKAAEALAAAAAABAAEAAAICTAEAOw==\" class=\"lazyload\" \/><noscript><img decoding=\"async\" data-src=\"https:\/\/dg-group.si\/wp-content\/plugins\/buildify-core\/shortcode\/assets\/img\/thumb-700-530.jpg\" alt=\"\" src=\"data:image\/gif;base64,R0lGODlhAQABAAAAACH5BAEKAAEALAAAAAABAAEAAAICTAEAOw==\" class=\"lazyload\" \/><noscript><img decoding=\"async\" data-src=\"https:\/\/dg-group.si\/wp-content\/plugins\/buildify-core\/shortcode\/assets\/img\/thumb-700-530.jpg\" alt=\"\" src=\"data:image\/gif;base64,R0lGODlhAQABAAAAACH5BAEKAAEALAAAAAABAAEAAAICTAEAOw==\" class=\"lazyload\" \/><noscript><img decoding=\"async\" data-src=\"https:\/\/dg-group.si\/wp-content\/plugins\/buildify-core\/shortcode\/assets\/img\/thumb-700-530.jpg\" alt=\"\" src=\"data:image\/gif;base64,R0lGODlhAQABAAAAACH5BAEKAAEALAAAAAABAAEAAAICTAEAOw==\" class=\"lazyload\" \/><noscript><img decoding=\"async\" data-src=\"https:\/\/dg-group.si\/wp-content\/plugins\/buildify-core\/shortcode\/assets\/img\/thumb-700-530.jpg\" alt=\"\" src=\"data:image\/gif;base64,R0lGODlhAQABAAAAACH5BAEKAAEALAAAAAABAAEAAAICTAEAOw==\" class=\"lazyload\" \/><noscript><img decoding=\"async\" src=\"https:\/\/dg-group.si\/wp-content\/plugins\/buildify-core\/shortcode\/assets\/img\/thumb-700-530.jpg\" alt=\"\" \/><\/noscript><\/noscript><\/noscript><\/noscript><\/noscript><div class=\"img_abs\" data-bg-img=\"https:\/\/dg-group.si\/wp-content\/uploads\/2022\/08\/zaposlen.png\"><\/div><\/div><div class=\"title_holder\"><h3>Miha Haring<\/h3><p>Project Manager<\/p><\/div><\/div><\/li><li class=\"buildify_fn_masonry_in\"><div class=\"item\"><div class=\"img_holder\"><img decoding=\"async\" data-src=\"https:\/\/dg-group.si\/wp-content\/plugins\/buildify-core\/shortcode\/assets\/img\/thumb-700-530.jpg\" alt=\"\" src=\"data:image\/gif;base64,R0lGODlhAQABAAAAACH5BAEKAAEALAAAAAABAAEAAAICTAEAOw==\" class=\"lazyload\" \/><noscript><img decoding=\"async\" data-src=\"https:\/\/dg-group.si\/wp-content\/plugins\/buildify-core\/shortcode\/assets\/img\/thumb-700-530.jpg\" alt=\"\" src=\"data:image\/gif;base64,R0lGODlhAQABAAAAACH5BAEKAAEALAAAAAABAAEAAAICTAEAOw==\" class=\"lazyload\" \/><noscript><img decoding=\"async\" data-src=\"https:\/\/dg-group.si\/wp-content\/plugins\/buildify-core\/shortcode\/assets\/img\/thumb-700-530.jpg\" alt=\"\" src=\"data:image\/gif;base64,R0lGODlhAQABAAAAACH5BAEKAAEALAAAAAABAAEAAAICTAEAOw==\" class=\"lazyload\" \/><noscript><img decoding=\"async\" data-src=\"https:\/\/dg-group.si\/wp-content\/plugins\/buildify-core\/shortcode\/assets\/img\/thumb-700-530.jpg\" alt=\"\" src=\"data:image\/gif;base64,R0lGODlhAQABAAAAACH5BAEKAAEALAAAAAABAAEAAAICTAEAOw==\" class=\"lazyload\" \/><noscript><img decoding=\"async\" data-src=\"https:\/\/dg-group.si\/wp-content\/plugins\/buildify-core\/shortcode\/assets\/img\/thumb-700-530.jpg\" alt=\"\" src=\"data:image\/gif;base64,R0lGODlhAQABAAAAACH5BAEKAAEALAAAAAABAAEAAAICTAEAOw==\" class=\"lazyload\" \/><noscript><img decoding=\"async\" src=\"https:\/\/dg-group.si\/wp-content\/plugins\/buildify-core\/shortcode\/assets\/img\/thumb-700-530.jpg\" alt=\"\" \/><\/noscript><\/noscript><\/noscript><\/noscript><\/noscript><div class=\"img_abs\" data-bg-img=\"https:\/\/dg-group.si\/wp-content\/uploads\/2022\/08\/zaposlen.png\"><\/div><\/div><div class=\"title_holder\"><h3>Damijan Hrastnik<\/h3><p>Project Manager<\/p><\/div><\/div><\/li><li class=\"buildify_fn_masonry_in\"><div class=\"item\"><div class=\"img_holder\"><img decoding=\"async\" data-src=\"https:\/\/dg-group.si\/wp-content\/plugins\/buildify-core\/shortcode\/assets\/img\/thumb-700-530.jpg\" alt=\"\" src=\"data:image\/gif;base64,R0lGODlhAQABAAAAACH5BAEKAAEALAAAAAABAAEAAAICTAEAOw==\" class=\"lazyload\" \/><noscript><img decoding=\"async\" data-src=\"https:\/\/dg-group.si\/wp-content\/plugins\/buildify-core\/shortcode\/assets\/img\/thumb-700-530.jpg\" alt=\"\" src=\"data:image\/gif;base64,R0lGODlhAQABAAAAACH5BAEKAAEALAAAAAABAAEAAAICTAEAOw==\" class=\"lazyload\" \/><noscript><img decoding=\"async\" data-src=\"https:\/\/dg-group.si\/wp-content\/plugins\/buildify-core\/shortcode\/assets\/img\/thumb-700-530.jpg\" alt=\"\" src=\"data:image\/gif;base64,R0lGODlhAQABAAAAACH5BAEKAAEALAAAAAABAAEAAAICTAEAOw==\" class=\"lazyload\" \/><noscript><img decoding=\"async\" data-src=\"https:\/\/dg-group.si\/wp-content\/plugins\/buildify-core\/shortcode\/assets\/img\/thumb-700-530.jpg\" alt=\"\" src=\"data:image\/gif;base64,R0lGODlhAQABAAAAACH5BAEKAAEALAAAAAABAAEAAAICTAEAOw==\" class=\"lazyload\" \/><noscript><img decoding=\"async\" data-src=\"https:\/\/dg-group.si\/wp-content\/plugins\/buildify-core\/shortcode\/assets\/img\/thumb-700-530.jpg\" alt=\"\" src=\"data:image\/gif;base64,R0lGODlhAQABAAAAACH5BAEKAAEALAAAAAABAAEAAAICTAEAOw==\" class=\"lazyload\" \/><noscript><img decoding=\"async\" src=\"https:\/\/dg-group.si\/wp-content\/plugins\/buildify-core\/shortcode\/assets\/img\/thumb-700-530.jpg\" alt=\"\" \/><\/noscript><\/noscript><\/noscript><\/noscript><\/noscript><div class=\"img_abs\" data-bg-img=\"https:\/\/dg-group.si\/wp-content\/uploads\/2022\/08\/zaposlen.png\"><\/div><\/div><div class=\"title_holder\"><h3>Deni Strauss<\/h3><p>Project Manager<\/p><\/div><\/div><\/li><\/ul><\/div><\/div><\/div>\t\t<\/div>\n\t\t\t\t<\/div>\n\t\t\t\t\t<\/div>\n\t\t<\/div>\n\t\t\t\t\t<\/div>\n\t\t<\/section>\n\t\t\t\t<section class=\"elementor-section elementor-top-section elementor-element elementor-element-02fe60c elementor-section-boxed elementor-section-height-default elementor-section-height-default\" data-id=\"02fe60c\" data-element_type=\"section\">\n\t\t\t\t\t\t<div class=\"elementor-container elementor-column-gap-default\">\n\t\t\t\t\t<div class=\"elementor-column elementor-col-100 elementor-top-column elementor-element elementor-element-299d2aa\" data-id=\"299d2aa\" data-element_type=\"column\">\n\t\t\t<div class=\"elementor-widget-wrap elementor-element-populated\">\n\t\t\t\t\t\t<section class=\"elementor-section elementor-inner-section elementor-element elementor-element-eaf8b3a elementor-section-boxed elementor-section-height-default elementor-section-height-default\" data-id=\"eaf8b3a\" data-element_type=\"section\" data-settings=\"{&quot;background_background&quot;:&quot;classic&quot;}\">\n\t\t\t\t\t\t<div class=\"elementor-container elementor-column-gap-default\">\n\t\t\t\t\t<div class=\"elementor-column elementor-col-50 elementor-inner-column elementor-element elementor-element-1141a59\" data-id=\"1141a59\" data-element_type=\"column\">\n\t\t\t<div class=\"elementor-widget-wrap elementor-element-populated\">\n\t\t\t\t\t\t<div class=\"elementor-element elementor-element-1595c4a elementor-widget elementor-widget-heading\" data-id=\"1595c4a\" data-element_type=\"widget\" data-widget_type=\"heading.default\">\n\t\t\t\t<div class=\"elementor-widget-container\">\n\t\t\t<h3 class=\"elementor-heading-title elementor-size-default\">IT&#039;S TIME FOR CHALLENGES<\/h3>\t\t<\/div>\n\t\t\t\t<\/div>\n\t\t\t\t<div class=\"elementor-element elementor-element-669c656 elementor-widget elementor-widget-heading\" data-id=\"669c656\" data-element_type=\"widget\" data-widget_type=\"heading.default\">\n\t\t\t\t<div class=\"elementor-widget-container\">\n\t\t\t<h2 class=\"elementor-heading-title elementor-size-default\">A new career opportunity<\/h2>\t\t<\/div>\n\t\t\t\t<\/div>\n\t\t\t\t<div class=\"elementor-element elementor-element-870738e elementor-widget elementor-widget-text-editor\" data-id=\"870738e\" data-element_type=\"widget\" data-widget_type=\"text-editor.default\">\n\t\t\t\t<div class=\"elementor-widget-container\">\n\t\t\t\t\t\t\t<p>A good staff is also always welcome here. If you would like to join us, click here for more information.<\/p>\t\t\t\t\t\t<\/div>\n\t\t\t\t<\/div>\n\t\t\t\t<div class=\"elementor-element elementor-element-015fa9e elementor-widget elementor-widget-button\" data-id=\"015fa9e\" data-element_type=\"widget\" data-widget_type=\"button.default\">\n\t\t\t\t<div class=\"elementor-widget-container\">\n\t\t\t\t\t<div class=\"elementor-button-wrapper\">\n\t\t\t<a class=\"elementor-button elementor-button-link elementor-size-sm\" href=\"https:\/\/dg-group.si\/en\/zaposlitev\/\">\n\t\t\t\t\t\t<span class=\"elementor-button-content-wrapper\">\n\t\t\t\t\t\t\t\t\t<span class=\"elementor-button-text\">CLICK HERE<\/span>\n\t\t\t\t\t<\/span>\n\t\t\t\t\t<\/a>\n\t\t<\/div>\n\t\t\t\t<\/div>\n\t\t\t\t<\/div>\n\t\t\t\t\t<\/div>\n\t\t<\/div>\n\t\t\t\t<div class=\"elementor-column elementor-col-50 elementor-inner-column elementor-element elementor-element-4327802\" data-id=\"4327802\" data-element_type=\"column\">\n\t\t\t<div class=\"elementor-widget-wrap elementor-element-populated\">\n\t\t\t\t\t\t<div class=\"elementor-element elementor-element-f9a08d7 elementor-view-framed elementor-shape-circle elementor-widget elementor-widget-icon\" data-id=\"f9a08d7\" data-element_type=\"widget\" data-widget_type=\"icon.default\">\n\t\t\t\t<div class=\"elementor-widget-container\">\n\t\t\t\t\t<div class=\"elementor-icon-wrapper\">\n\t\t\t<div class=\"elementor-icon\">\n\t\t\t<i aria-hidden=\"true\" class=\"far fa-handshake\"><\/i>\t\t\t<\/div>\n\t\t<\/div>\n\t\t\t\t<\/div>\n\t\t\t\t<\/div>\n\t\t\t\t\t<\/div>\n\t\t<\/div>\n\t\t\t\t\t<\/div>\n\t\t<\/section>\n\t\t\t\t\t<\/div>\n\t\t<\/div>\n\t\t\t\t\t<\/div>\n\t\t<\/section>\n\t\t\t\t<\/div>","protected":false},"excerpt":{"rendered":"<p>\u017de od samega za\u010detka odprtja podjetja smo se odlo\u010dili, da bo ospredje podjetja DG Group d.o.o. dobra in kakovostna storitev. Ravno zato se vsakemu projektu 101% posvetimo in rezultate dajemo na prvo mesto. Dr\u017eimo se na\u010dela, da smo natan\u010dni, dosledni in u\u010dinkoviti, kar nam omogo\u010da, da lahko strankam nudimo visoko kakovst na\u0161ih storitev. Veselimo vsakega [&hellip;]<\/p>","protected":false},"author":1,"featured_media":0,"parent":0,"menu_order":0,"comment_status":"closed","ping_status":"closed","template":"page-fullwidth.php","meta":{"footnotes":""},"class_list":["post-299","page","type-page","status-publish","hentry"],"_links":{"self":[{"href":"https:\/\/dg-group.si\/en\/wp-json\/wp\/v2\/pages\/299","targetHints":{"allow":["GET"]}}],"collection":[{"href":"https:\/\/dg-group.si\/en\/wp-json\/wp\/v2\/pages"}],"about":[{"href":"https:\/\/dg-group.si\/en\/wp-json\/wp\/v2\/types\/page"}],"author":[{"embeddable":true,"href":"https:\/\/dg-group.si\/en\/wp-json\/wp\/v2\/users\/1"}],"replies":[{"embeddable":true,"href":"https:\/\/dg-group.si\/en\/wp-json\/wp\/v2\/comments?post=299"}],"version-history":[{"count":58,"href":"https:\/\/dg-group.si\/en\/wp-json\/wp\/v2\/pages\/299\/revisions"}],"predecessor-version":[{"id":1341,"href":"https:\/\/dg-group.si\/en\/wp-json\/wp\/v2\/pages\/299\/revisions\/1341"}],"wp:attachment":[{"href":"https:\/\/dg-group.si\/en\/wp-json\/wp\/v2\/media?parent=299"}],"curies":[{"name":"wp","href":"https:\/\/api.w.org\/{rel}","templated":true}]}}