{"id":1348,"date":"2026-03-24T09:23:53","date_gmt":"2026-03-24T08:23:53","guid":{"rendered":"https:\/\/dg-group.si\/?page_id=1348"},"modified":"2026-04-09T10:07:50","modified_gmt":"2026-04-09T08:07:50","slug":"research-development-center","status":"publish","type":"page","link":"https:\/\/dg-group.si\/de\/research-development-center\/","title":{"rendered":"Forschungs- und Entwicklungszentrum"},"content":{"rendered":"<p><img fetchpriority=\"high\" decoding=\"async\" class=\"alignnone wp-image-1350 size-large\" src=\"https:\/\/dg-group.si\/wp-content\/uploads\/2026\/03\/Razvojni-center-DG-Group-1-1024x572.png\" alt=\"\" width=\"1024\" height=\"572\" srcset=\"https:\/\/dg-group.si\/wp-content\/uploads\/2026\/03\/Razvojni-center-DG-Group-1-1024x572.png 1024w, https:\/\/dg-group.si\/wp-content\/uploads\/2026\/03\/Razvojni-center-DG-Group-1-300x167.png 300w, https:\/\/dg-group.si\/wp-content\/uploads\/2026\/03\/Razvojni-center-DG-Group-1-768x429.png 768w, https:\/\/dg-group.si\/wp-content\/uploads\/2026\/03\/Razvojni-center-DG-Group-1-18x10.png 18w, https:\/\/dg-group.si\/wp-content\/uploads\/2026\/03\/Razvojni-center-DG-Group-1-1254x700.png 1254w, https:\/\/dg-group.si\/wp-content\/uploads\/2026\/03\/Razvojni-center-DG-Group-1-720x402.png 720w, https:\/\/dg-group.si\/wp-content\/uploads\/2026\/03\/Razvojni-center-DG-Group-1.png 1376w\" sizes=\"(max-width: 1024px) 100vw, 1024px\" \/><\/p>\n<p>Unser Unternehmen verf\u00fcgt \u00fcber ein Forschungs- und Entwicklungszentrum, in dem innovative L\u00f6sungen auf der Grundlage wissenschaftlicher Erkenntnisse sowie des Wissens und der Erfahrung unseres Forschungs- und Entwicklungsteams entwickelt werden.<\/p>\n<p>Wir haben bereits mehrere Projekte erfolgreich umgesetzt und sind stets bereit f\u00fcr neue Herausforderungen. Unser Team besteht aus IT-Experten, Forschern und Biotechnologie-Experten.<\/p>\n<p>Leiter des Forschungs- und Entwicklungszentrums ist Prof. Dr. Komlen Lalovi\u0107, ARIS - Entwicklungsberaterin, Doktorin der Wissenschaften auf dem Gebiet der Informationstechnologien und Biometrie - Sicherheitssysteme.<\/p>\n<p>Zum Team geh\u00f6ren: Vid Bucar, MSc. und der Techniker Miha Haring.<\/p>\n<p><a href=\"https:\/\/cris.cobiss.net\/ecris\/si\/sl\/researcher\/70244\">https:\/\/cris.cobiss.net\/ecris\/si\/sl\/researcher\/70244<\/a><\/p>\n<p><a href=\"https:\/\/cris.cobiss.net\/ecris\/si\/sl\/group\/8934\">https:\/\/cris.cobiss.net\/ecris\/si\/sl\/group\/8934<\/a><\/p>","protected":false},"excerpt":{"rendered":"<p>V na\u0161em podjetju imamo R&amp;R (raziskovalno-razvojni) center za razvoj inovativnih re\u0161itev, ki temeljijo na znanosti ter znanju in izku\u0161njah na\u0161e R&amp;R ekipe. Uspe\u0161no smo izvedli \u017ee ve\u010d projektov in smo vedno pripravljeni na nove izzive. Na\u0161o ekipo sestavljajo IT strokovnjaki \u2013 raziskovalci ter strokovnjaki s podro\u010dja biotehnologije. Vodja R&amp;R centra je prof. dr. Komlen Lalovi\u0107, [&hellip;]<\/p>","protected":false},"author":1,"featured_media":1350,"parent":0,"menu_order":0,"comment_status":"closed","ping_status":"closed","template":"","meta":{"footnotes":""},"class_list":["post-1348","page","type-page","status-publish","has-post-thumbnail","hentry"],"_links":{"self":[{"href":"https:\/\/dg-group.si\/de\/wp-json\/wp\/v2\/pages\/1348","targetHints":{"allow":["GET"]}}],"collection":[{"href":"https:\/\/dg-group.si\/de\/wp-json\/wp\/v2\/pages"}],"about":[{"href":"https:\/\/dg-group.si\/de\/wp-json\/wp\/v2\/types\/page"}],"author":[{"embeddable":true,"href":"https:\/\/dg-group.si\/de\/wp-json\/wp\/v2\/users\/1"}],"replies":[{"embeddable":true,"href":"https:\/\/dg-group.si\/de\/wp-json\/wp\/v2\/comments?post=1348"}],"version-history":[{"count":6,"href":"https:\/\/dg-group.si\/de\/wp-json\/wp\/v2\/pages\/1348\/revisions"}],"predecessor-version":[{"id":1357,"href":"https:\/\/dg-group.si\/de\/wp-json\/wp\/v2\/pages\/1348\/revisions\/1357"}],"wp:featuredmedia":[{"embeddable":true,"href":"https:\/\/dg-group.si\/de\/wp-json\/wp\/v2\/media\/1350"}],"wp:attachment":[{"href":"https:\/\/dg-group.si\/de\/wp-json\/wp\/v2\/media?parent=1348"}],"curies":[{"name":"wp","href":"https:\/\/api.w.org\/{rel}","templated":true}]}}